{"id":1361,"date":"2022-12-14T16:34:03","date_gmt":"2022-12-14T16:34:03","guid":{"rendered":"https:\/\/lecamioncolibri.fr\/?page_id=1361"},"modified":"2022-12-26T17:40:12","modified_gmt":"2022-12-26T17:40:12","slug":"presentation","status":"publish","type":"page","link":"https:\/\/lecamioncolibri.fr\/?page_id=1361","title":{"rendered":"Pr\u00e9sentation"},"content":{"rendered":"\n<p>Le camion colibri vous propose une alimentation responsable: soucieuse de votre sant\u00e9 et de celle de notre plan\u00e8te. Vous trouverez \u00e0 la carte au moins une offre enti\u00e8rement v\u00e9g\u00e9talienne. Le camion favorise les producteurs locaux et le circuit court.<\/p>\n","protected":false},"excerpt":{"rendered":"<p>Le camion colibri vous propose une alimentation responsable: soucieuse de votre sant\u00e9 et de celle de notre plan\u00e8te. Vous trouverez \u00e0 la carte au moins une offre enti\u00e8rement v\u00e9g\u00e9talienne. Le camion favorise les producteurs locaux et le circuit court.<\/p>\n","protected":false},"author":1,"featured_media":0,"parent":0,"menu_order":0,"comment_status":"closed","ping_status":"closed","template":"","meta":{"om_disable_all_campaigns":false,"_uag_custom_page_level_css":"","_monsterinsights_skip_tracking":false,"_monsterinsights_sitenote_active":false,"_monsterinsights_sitenote_note":"","_monsterinsights_sitenote_category":0,"site-sidebar-layout":"default","site-content-layout":"default","ast-global-header-display":"","ast-main-header-display":"","ast-hfb-above-header-display":"","ast-hfb-below-header-display":"","ast-hfb-mobile-header-display":"","site-post-title":"","ast-breadcrumbs-content":"","ast-featured-img":"","footer-sml-layout":"","theme-transparent-header-meta":"","adv-header-id-meta":"","stick-header-meta":"","header-above-stick-meta":"","header-main-stick-meta":"","header-below-stick-meta":""},"aioseo_notices":[],"uagb_featured_image_src":{"full":false,"thumbnail":false,"medium":false,"medium_large":false,"large":false,"1536x1536":false,"2048x2048":false},"uagb_author_info":{"display_name":"geremy.combret@gmail.com","author_link":"https:\/\/lecamioncolibri.fr\/?author=1"},"uagb_comment_info":0,"uagb_excerpt":"Le camion colibri vous propose une alimentation responsable: soucieuse de votre sant\u00e9 et de celle de notre plan\u00e8te. Vous trouverez \u00e0 la carte au moins une offre enti\u00e8rement v\u00e9g\u00e9talienne. Le camion favorise les producteurs locaux et le circuit court.","_links":{"self":[{"href":"https:\/\/lecamioncolibri.fr\/index.php?rest_route=\/wp\/v2\/pages\/1361"}],"collection":[{"href":"https:\/\/lecamioncolibri.fr\/index.php?rest_route=\/wp\/v2\/pages"}],"about":[{"href":"https:\/\/lecamioncolibri.fr\/index.php?rest_route=\/wp\/v2\/types\/page"}],"author":[{"embeddable":true,"href":"https:\/\/lecamioncolibri.fr\/index.php?rest_route=\/wp\/v2\/users\/1"}],"replies":[{"embeddable":true,"href":"https:\/\/lecamioncolibri.fr\/index.php?rest_route=%2Fwp%2Fv2%2Fcomments&post=1361"}],"version-history":[{"count":2,"href":"https:\/\/lecamioncolibri.fr\/index.php?rest_route=\/wp\/v2\/pages\/1361\/revisions"}],"predecessor-version":[{"id":1378,"href":"https:\/\/lecamioncolibri.fr\/index.php?rest_route=\/wp\/v2\/pages\/1361\/revisions\/1378"}],"wp:attachment":[{"href":"https:\/\/lecamioncolibri.fr\/index.php?rest_route=%2Fwp%2Fv2%2Fmedia&parent=1361"}],"curies":[{"name":"wp","href":"https:\/\/api.w.org\/{rel}","templated":true}]}}